{"id":2,"date":"2023-07-27T02:33:49","date_gmt":"2023-07-27T02:33:49","guid":{"rendered":"http:\/\/www.nisshinseifunturkey.com\/?page_id=2"},"modified":"2024-10-21T11:38:13","modified_gmt":"2024-10-21T08:38:13","slug":"about-us","status":"publish","type":"page","link":"https:\/\/www.nisshinseifunturkey.com\/en\/","title":{"rendered":"About us"},"content":{"rendered":"<p class=\"text mb-1\">Nisshin Seifun Turkey, Nisshin Seifun Group, Marubeni Corporation ve Nuh&#8217;un Ankara Makarnas\u0131&#8217;n\u0131n sahibi Nuh Ticaret&#8217;in yat\u0131r\u0131m yapt\u0131\u011f\u0131 bir ortak giri\u015fim \u015firketidir.<\/p>\n<p class=\"text mb-1\">Nisshin Seifun Group, 1900 y\u0131l\u0131nda kurulmu\u015f k\u00f6kl\u00fc bir Japon \u015firketidir. 1858 y\u0131l\u0131nda kurulan Marubeni, d\u00fcnyan\u0131n en b\u00fcy\u00fck ticaret \u015firketlerinden biridir. 1946 y\u0131l\u0131nda kurulan Nuh&#8217;un Ankara Makarnas\u0131, T\u00fcrkiye&#8217;nin en b\u00fcy\u00fck pazar pay\u0131na sahiptir. Nisshin Seifun Turkey, her biri kendi alan\u0131nda lider olan 3 k\u00f6kl\u00fc \u015firketin ortakl\u0131\u011f\u0131d\u0131r.<\/p>\n","protected":false},"excerpt":{"rendered":"<p>Nisshin Seifun Turkey, Nisshin Seifun Group, Marubeni Corporation ve Nuh&#8217;un Ankara Makarnas\u0131&#8217;n\u0131n sahibi Nuh Ticaret&#8217;in yat\u0131r\u0131m yapt\u0131\u011f\u0131 bir ortak giri\u015fim \u015firketidir. Nisshin Seifun Group, 1900 y\u0131l\u0131nda kurulmu\u015f k\u00f6kl\u00fc bir Japon \u015firketidir. 1858 y\u0131l\u0131nda kurulan Marubeni, d\u00fcnyan\u0131n en b\u00fcy\u00fck ticaret \u015firketlerinden <a href=\"https:\/\/www.nisshinseifunturkey.com\/en\/\"><\/p>\n<div class=\"read-more\">\n<p>Read more &#8250;<\/p>\n<\/div>\n<p><!-- end of .read-more --><\/a><\/p>\n","protected":false},"author":1,"featured_media":98,"parent":0,"menu_order":0,"comment_status":"closed","ping_status":"closed","template":"template-homepage.php","meta":[],"acf":[],"aioseo_notices":[],"_links":{"self":[{"href":"https:\/\/www.nisshinseifunturkey.com\/en\/wp-json\/wp\/v2\/pages\/2"}],"collection":[{"href":"https:\/\/www.nisshinseifunturkey.com\/en\/wp-json\/wp\/v2\/pages"}],"about":[{"href":"https:\/\/www.nisshinseifunturkey.com\/en\/wp-json\/wp\/v2\/types\/page"}],"author":[{"embeddable":true,"href":"https:\/\/www.nisshinseifunturkey.com\/en\/wp-json\/wp\/v2\/users\/1"}],"replies":[{"embeddable":true,"href":"https:\/\/www.nisshinseifunturkey.com\/en\/wp-json\/wp\/v2\/comments?post=2"}],"version-history":[{"count":9,"href":"https:\/\/www.nisshinseifunturkey.com\/en\/wp-json\/wp\/v2\/pages\/2\/revisions"}],"predecessor-version":[{"id":101,"href":"https:\/\/www.nisshinseifunturkey.com\/en\/wp-json\/wp\/v2\/pages\/2\/revisions\/101"}],"wp:featuredmedia":[{"embeddable":true,"href":"https:\/\/www.nisshinseifunturkey.com\/en\/wp-json\/wp\/v2\/media\/98"}],"wp:attachment":[{"href":"https:\/\/www.nisshinseifunturkey.com\/en\/wp-json\/wp\/v2\/media?parent=2"}],"curies":[{"name":"wp","href":"https:\/\/api.w.org\/{rel}","templated":true}]}}